{"id":19,"date":"2024-03-13T10:22:45","date_gmt":"2024-03-13T10:22:45","guid":{"rendered":"https:\/\/bag-energiehaus.de\/?page_id=19"},"modified":"2026-03-16T12:15:36","modified_gmt":"2026-03-16T12:15:36","slug":"impressum","status":"publish","type":"page","link":"https:\/\/bag-energiehaus.de\/ru\/impressum\/","title":{"rendered":"Impressum"},"content":{"rendered":"<div data-elementor-type=\"wp-page\" data-elementor-id=\"19\" class=\"elementor elementor-19\" data-elementor-post-type=\"page\">\n\t\t\t\t<div class=\"elementor-element elementor-element-c7d3de8 e-flex e-con-boxed e-con e-parent\" data-id=\"c7d3de8\" data-element_type=\"container\" data-e-type=\"container\">\n\t\t\t\t\t<div class=\"e-con-inner\">\n\t\t\t\t<div class=\"elementor-element elementor-element-09b0ad7 elementor-widget elementor-widget-spacer\" data-id=\"09b0ad7\" data-element_type=\"widget\" data-e-type=\"widget\" data-widget_type=\"spacer.default\">\n\t\t\t\t<div class=\"elementor-widget-container\">\n\t\t\t\t\t\t\t<div class=\"elementor-spacer\">\n\t\t\t<div class=\"elementor-spacer-inner\"><\/div>\n\t\t<\/div>\n\t\t\t\t\t\t<\/div>\n\t\t\t\t<\/div>\n\t\t\t\t<div class=\"elementor-element elementor-element-fef6c5e elementor-widget elementor-widget-heading\" data-id=\"fef6c5e\" data-element_type=\"widget\" data-e-type=\"widget\" data-widget_type=\"heading.default\">\n\t\t\t\t<div class=\"elementor-widget-container\">\n\t\t\t\t\t<h1 class=\"elementor-heading-title elementor-size-default\">IMPRESSUM\n<\/h1>\t\t\t\t<\/div>\n\t\t\t\t<\/div>\n\t\t\t\t<div class=\"elementor-element elementor-element-ab5c773 elementor-widget elementor-widget-text-editor\" data-id=\"ab5c773\" data-element_type=\"widget\" data-e-type=\"widget\" data-widget_type=\"text-editor.default\">\n\t\t\t\t<div class=\"elementor-widget-container\">\n\t\t\t\t\t\t\t\t\t<div class=\"elementor-element elementor-element-7a3aaee elementor-widget elementor-widget-text-editor\" data-id=\"7a3aaee\" data-element_type=\"widget\" data-widget_type=\"text-editor.default\"><div class=\"elementor-widget-container\"><p class=\"font_8\"><strong><span class=\"color_15\"><b>BAG Energie-Haus <\/b><\/span><\/strong><strong><span class=\"color_15\"><b>GmbH<\/b><\/span><\/strong><\/p><p class=\"font_8\"><strong><span class=\"color_15\">Dahlmannstr. 17<\/span><\/strong><\/p><p class=\"font_8\"><strong><span class=\"color_15\">10629 Berlin<br \/><\/span><\/strong><\/p><\/div><\/div>\t\t\t\t\t\t\t\t<\/div>\n\t\t\t\t<\/div>\n\t\t\t\t<div class=\"elementor-element elementor-element-34fc19b elementor-icon-list--layout-traditional elementor-list-item-link-full_width elementor-widget elementor-widget-icon-list\" data-id=\"34fc19b\" data-element_type=\"widget\" data-e-type=\"widget\" data-widget_type=\"icon-list.default\">\n\t\t\t\t<div class=\"elementor-widget-container\">\n\t\t\t\t\t\t\t<ul class=\"elementor-icon-list-items\">\n\t\t\t\t\t\t\t<li class=\"elementor-icon-list-item\">\n\t\t\t\t\t\t\t\t\t\t\t<a href=\"tel:+493088918889\">\n\n\t\t\t\t\t\t\t\t\t\t\t\t<span class=\"elementor-icon-list-icon\">\n\t\t\t\t\t\t\t<svg aria-hidden=\"true\" class=\"e-font-icon-svg e-fas-phone-alt\" viewbox=\"0 0 512 512\" xmlns=\"http:\/\/www.w3.org\/2000\/svg\"><path d=\"M497.39 361.8l-112-48a24 24 0 0 0-28 6.9l-49.6 60.6A370.66 370.66 0 0 1 130.6 204.11l60.6-49.6a23.94 23.94 0 0 0 6.9-28l-48-112A24.16 24.16 0 0 0 122.6.61l-104 24A24 24 0 0 0 0 48c0 256.5 207.9 464 464 464a24 24 0 0 0 23.4-18.6l24-104a24.29 24.29 0 0 0-14.01-27.6z\"><\/path><\/svg>\t\t\t\t\t\t<\/span>\n\t\t\t\t\t\t\t\t\t\t<span class=\"elementor-icon-list-text\">+ 49 30 889188 89<\/span>\n\t\t\t\t\t\t\t\t\t\t\t<\/a>\n\t\t\t\t\t\t\t\t\t<\/li>\n\t\t\t\t\t\t\t\t<li class=\"elementor-icon-list-item\">\n\t\t\t\t\t\t\t\t\t\t\t<a href=\"mailto:info@bag-energiehaus.de\">\n\n\t\t\t\t\t\t\t\t\t\t\t\t<span class=\"elementor-icon-list-icon\">\n\t\t\t\t\t\t\t<svg aria-hidden=\"true\" class=\"e-font-icon-svg e-far-envelope\" viewbox=\"0 0 512 512\" xmlns=\"http:\/\/www.w3.org\/2000\/svg\"><path d=\"M464 64H48C21.49 64 0 85.49 0 112v288c0 26.51 21.49 48 48 48h416c26.51 0 48-21.49 48-48V112c0-26.51-21.49-48-48-48zm0 48v40.805c-22.422 18.259-58.168 46.651-134.587 106.49-16.841 13.247-50.201 45.072-73.413 44.701-23.208.375-56.579-31.459-73.413-44.701C106.18 199.465 70.425 171.067 48 152.805V112h416zM48 400V214.398c22.914 18.251 55.409 43.862 104.938 82.646 21.857 17.205 60.134 55.186 103.062 54.955 42.717.231 80.509-37.199 103.053-54.947 49.528-38.783 82.032-64.401 104.947-82.653V400H48z\"><\/path><\/svg>\t\t\t\t\t\t<\/span>\n\t\t\t\t\t\t\t\t\t\t<span class=\"elementor-icon-list-text\">info@bag-energiehaus.de<\/span>\n\t\t\t\t\t\t\t\t\t\t\t<\/a>\n\t\t\t\t\t\t\t\t\t<\/li>\n\t\t\t\t\t\t\t\t<li class=\"elementor-icon-list-item\">\n\t\t\t\t\t\t\t\t\t\t\t<a href=\"http:\/\/www.bag-energiehaus.de\/\">\n\n\t\t\t\t\t\t\t\t\t\t\t\t<span class=\"elementor-icon-list-icon\">\n\t\t\t\t\t\t\t<svg xmlns=\"http:\/\/www.w3.org\/2000\/svg\" xmlns:xlink=\"http:\/\/www.w3.org\/1999\/xlink\" width=\"800px\" height=\"800px\" viewbox=\"0 0 100 100\" aria-hidden=\"true\" class=\"iconify iconify--gis\" preserveaspectratio=\"xMidYMid meet\" fill=\"#000000\"><g id=\"SVGRepo_bgCarrier\" stroke-width=\"0\"><\/g><g id=\"SVGRepo_tracerCarrier\" stroke-linecap=\"round\" stroke-linejoin=\"round\"><\/g><g id=\"SVGRepo_iconCarrier\"><path d=\"M50 0C22.415 0 0 22.415 0 50s22.415 50 50 50c27.504 0 49.857-22.287 49.988-49.76A2.5 2.5 0 0 0 100 50a2.5 2.5 0 0 0-.014-.254a2.5 2.5 0 0 0 0-.012C99.841 22.274 77.495 0 50 0zm-2.5 5.27v21.566c-6.033-.18-11.744-1.004-16.906-2.328c.915-2.493 1.954-4.805 3.101-6.889c3.85-6.99 8.706-11.284 13.805-12.35zm5 0c5.1 1.065 9.956 5.36 13.805 12.35c1.147 2.083 2.186 4.395 3.101 6.888c-5.162 1.324-10.873 2.149-16.906 2.328V5.27zM34.588 7.7c-1.954 2.156-3.723 4.69-5.274 7.506c-1.326 2.41-2.505 5.05-3.529 7.871c-2.986-1.02-5.73-2.213-8.166-3.555c-.167-.091-.323-.186-.486-.279A44.975 44.975 0 0 1 34.588 7.701zm30.824 0a44.975 44.975 0 0 1 17.455 11.543c-.163.093-.32.188-.486.28c-2.436 1.34-5.181 2.536-8.168 3.556c-1.022-2.822-2.2-5.463-3.527-7.873c-1.551-2.816-3.32-5.35-5.274-7.506zM13.885 23.135c.435.26.87.52 1.322.77c2.74 1.509 5.775 2.83 9.043 3.943c-1.674 5.982-2.678 12.627-2.871 19.652H5.072a44.79 44.79 0 0 1 8.813-24.365zm72.23 0A44.79 44.79 0 0 1 94.928 47.5H78.604c-.193-7.023-1.193-13.668-2.862-19.65c3.271-1.113 6.308-2.435 9.051-3.946c.451-.248.887-.51 1.322-.77zm-57.058 6.148c5.665 1.476 11.887 2.361 18.443 2.541V47.5H26.383c.194-6.547 1.146-12.72 2.674-18.217zm41.886 0c1.528 5.497 2.48 11.67 2.674 18.217H52.5V31.822c6.555-.18 12.779-1.064 18.443-2.539zM5.073 52.5h16.306c.193 7.025 1.197 13.669 2.871 19.65c-3.267 1.115-6.302 2.437-9.043 3.946c-.451.248-.887.51-1.322.77A44.79 44.79 0 0 1 5.072 52.5zm21.31 0H47.5v15.66c-6.558.18-12.78 1.07-18.445 2.549c-1.527-5.495-2.478-11.665-2.672-18.209zm26.117 0h21.117c-.194 6.544-1.145 12.714-2.672 18.209C65.28 69.23 59.058 68.341 52.5 68.16V52.5zm26.105 0h16.323a44.79 44.79 0 0 1-8.813 24.365c-.435-.26-.87-.52-1.322-.77c-2.742-1.51-5.78-2.832-9.049-3.947c1.67-5.981 2.669-12.625 2.861-19.648zM47.5 73.164V94.73c-5.1-1.065-9.956-5.36-13.805-12.35c-1.147-2.083-2.186-4.395-3.101-6.888c5.162-1.324 10.873-2.149 16.906-2.328zm5 0c6.033.18 11.744 1.004 16.906 2.328c-.915 2.493-1.954 4.805-3.101 6.889c-3.85 6.99-8.706 11.284-13.805 12.35V73.163zm21.713 3.756c2.987 1.02 5.732 2.215 8.168 3.557c.167.091.323.186.486.279a44.975 44.975 0 0 1-17.455 11.543c1.954-2.156 3.723-4.69 5.274-7.506c1.326-2.41 2.504-5.05 3.527-7.873zm-48.428.002c1.024 2.821 2.203 5.461 3.53 7.871c1.55 2.816 3.319 5.35 5.273 7.506a44.975 44.975 0 0 1-17.455-11.543c.163-.093.32-.188.486-.28c2.436-1.34 5.18-2.534 8.166-3.554z\" fill=\"#0070C0\"><\/path><\/g><\/svg>\t\t\t\t\t\t<\/span>\n\t\t\t\t\t\t\t\t\t\t<span class=\"elementor-icon-list-text\">www.bag-energiehaus.de<\/span>\n\t\t\t\t\t\t\t\t\t\t\t<\/a>\n\t\t\t\t\t\t\t\t\t<\/li>\n\t\t\t\t\t\t<\/ul>\n\t\t\t\t\t\t<\/div>\n\t\t\t\t<\/div>\n\t\t\t\t<div class=\"elementor-element elementor-element-98de8c5 elementor-widget elementor-widget-text-editor\" data-id=\"98de8c5\" data-element_type=\"widget\" data-e-type=\"widget\" data-widget_type=\"text-editor.default\">\n\t\t\t\t<div class=\"elementor-widget-container\">\n\t\t\t\t\t\t\t\t\t<div class=\"elementor-element elementor-element-7a3aaee elementor-widget elementor-widget-text-editor\" data-id=\"7a3aaee\" data-element_type=\"widget\" data-widget_type=\"text-editor.default\"><div class=\"elementor-widget-container\"><div class=\"elementor-element elementor-element-9276023 elementor-icon-list--layout-traditional elementor-list-item-link-full_width elementor-widget elementor-widget-icon-list\" data-id=\"9276023\" data-element_type=\"widget\" data-widget_type=\"icon-list.default\"><div class=\"elementor-widget-container\"><div class=\"elementor-element elementor-element-7a3aaee elementor-widget elementor-widget-text-editor\" data-id=\"7a3aaee\" data-element_type=\"widget\" data-widget_type=\"text-editor.default\"><div class=\"elementor-widget-container\"><div class=\"elementor-element elementor-element-7123d99 elementor-widget elementor-widget-text-editor\" data-id=\"7123d99\" data-element_type=\"widget\" data-widget_type=\"text-editor.default\"><div class=\"elementor-widget-container\"><div>Gesch\u00e4ftsf\u00fchrung: A. Pejovic<\/div><div>Gesch\u00e4ftsleitung: Z. Pejovic<\/div><div>\u00a0<\/div><\/div><\/div><\/div><div><div>Registereintrag:<\/div><div>Eingetragen im Handelsregister.<\/div><div>Registergericht: Amtsgericht Charlottenburg<\/div><div>Registernummer: HRB 263 607 B<\/div><\/div><div><div>\u00a0<\/div><div>Umsatzsteuer-ID:<\/div><div>Umsatzsteuer-Identifikationsnummer gem\u00e4\u00df \u00a727 a Umsatzsteuergesetz:<\/div><div>DE369001700<\/div><\/div><div><div>\u00a0<\/div><div>Inhaltlich verantwortlich gem\u00e4\u00df \u00a7 55 Abs. 2 RStV:<\/div><div>A. Pejovic<\/div><div>Dahlmannstr. 17<\/div><div>10629 Berlin<\/div><div>\u00a0<\/div><\/div><div><div>Online-Streitbeilegung:<\/div><div>Die Europ\u00e4ische Kommission stellt eine Plattform zur Online-<\/div><div>Streitbeilegung (OS) bereit:<\/div><div>https:\/\/ec.europa.eu\/consumers\/odr\/<\/div><div>Unsere E-Mail-Adresse finden Sie oben im Impressum.<\/div><\/div><\/div><\/div><\/div><\/div><\/div>\t\t\t\t\t\t\t\t<\/div>\n\t\t\t\t<\/div>\n\t\t\t\t<div class=\"elementor-element elementor-element-5750856 elementor-widget elementor-widget-spacer\" data-id=\"5750856\" data-element_type=\"widget\" data-e-type=\"widget\" data-widget_type=\"spacer.default\">\n\t\t\t\t<div class=\"elementor-widget-container\">\n\t\t\t\t\t\t\t<div class=\"elementor-spacer\">\n\t\t\t<div class=\"elementor-spacer-inner\"><\/div>\n\t\t<\/div>\n\t\t\t\t\t\t<\/div>\n\t\t\t\t<\/div>\n\t\t\t\t\t<\/div>\n\t\t\t\t<\/div>\n\t\t<div class=\"elementor-element elementor-element-875a3f8 e-flex e-con-boxed e-con e-parent\" data-id=\"875a3f8\" data-element_type=\"container\" data-e-type=\"container\">\n\t\t\t\t\t<div class=\"e-con-inner\">\n\t\t\t\t<div class=\"elementor-element elementor-element-32ea5fd elementor-widget elementor-widget-spacer\" data-id=\"32ea5fd\" data-element_type=\"widget\" data-e-type=\"widget\" data-widget_type=\"spacer.default\">\n\t\t\t\t<div class=\"elementor-widget-container\">\n\t\t\t\t\t\t\t<div class=\"elementor-spacer\">\n\t\t\t<div class=\"elementor-spacer-inner\"><\/div>\n\t\t<\/div>\n\t\t\t\t\t\t<\/div>\n\t\t\t\t<\/div>\n\t\t\t\t<div class=\"elementor-element elementor-element-640b0cf elementor-widget elementor-widget-heading\" data-id=\"640b0cf\" data-element_type=\"widget\" data-e-type=\"widget\" data-widget_type=\"heading.default\">\n\t\t\t\t<div class=\"elementor-widget-container\">\n\t\t\t\t\t<h2 class=\"elementor-heading-title elementor-size-default\">Bildnachweis<\/h2>\t\t\t\t<\/div>\n\t\t\t\t<\/div>\n\t\t\t\t<div class=\"elementor-element elementor-element-3cfe719 elementor-widget elementor-widget-text-editor\" data-id=\"3cfe719\" data-element_type=\"widget\" data-e-type=\"widget\" data-widget_type=\"text-editor.default\">\n\t\t\t\t<div class=\"elementor-widget-container\">\n\t\t\t\t\t\t\t\t\t<p class=\"font_8\"><span class=\"color_15\">Home \u00a0&gt; \u00a9 pixabay.com<\/span><\/p><p class=\"font_8\"><span class=\"color_15\">Home \u00a0&gt; \u00a9 BAG Immobilienmanagement GmbH<\/span><\/p><p class=\"font_8\"><span class=\"color_15\">Home \u00a0&gt; \u00a9 Immoscout24<br \/>Home \u00a0&gt; \u00a9 Facebook.com<\/span><\/p><p class=\"font_8\"><span class=\"color_15\"><span class=\"wixGuard\">\u200b<\/span><\/span><\/p><p class=\"font_8\"><span class=\"color_15\">Planung und Bau &gt; \u00a9 pixabay.com<\/span><\/p><p class=\"font_8\"><span class=\"color_15\">Planung und Bau &gt; \u00a9 BAG Immobilienmanagement GmbH<\/span><\/p>\t\t\t\t\t\t\t\t<\/div>\n\t\t\t\t<\/div>\n\t\t\t\t<div class=\"elementor-element elementor-element-5fcaf5a elementor-widget elementor-widget-text-editor\" data-id=\"5fcaf5a\" data-element_type=\"widget\" data-e-type=\"widget\" data-widget_type=\"text-editor.default\">\n\t\t\t\t<div class=\"elementor-widget-container\">\n\t\t\t\t\t\t\t\t\t<p><span class=\"color_15\">Haustypen &gt; \u00a9 pixabay.com<br \/>Haustypen &gt; \u00a9 BAG Immobilienmanagement GmbH<br \/>Haustypen &gt; \u00a9\u00a0<span style=\"color: #0070c0;\"><a style=\"color: #0070c0;\" href=\"http:\/\/www.thoma.at\/\" target=\"_blank\" rel=\"noopener\">thoma.at \u2013 Bilder<\/a><\/span><br \/><span style=\"color: #0070c0;\"><a style=\"color: #0070c0;\" href=\"http:\/\/www.thoma.at\/\" target=\"_blank\" rel=\"noopener\">Haustypen &gt; \u00a9 thoma.at \u2013 2 Videos<\/a><\/span><\/span><\/p><p>\u00a0<\/p>\t\t\t\t\t\t\t\t<\/div>\n\t\t\t\t<\/div>\n\t\t\t\t<div class=\"elementor-element elementor-element-d458647 elementor-widget elementor-widget-text-editor\" data-id=\"d458647\" data-element_type=\"widget\" data-e-type=\"widget\" data-widget_type=\"text-editor.default\">\n\t\t\t\t<div class=\"elementor-widget-container\">\n\t\t\t\t\t\t\t\t\t<p class=\"font_8\"><span class=\"color_15\">Hausverwaltung &gt; \u00a9 pixabay.com<\/span><\/p><p class=\"font_8\"><span class=\"color_15\">Hausverwaltung &gt; \u00a9 BAG Immobilienmanagement GmbH<\/span><\/p><p class=\"font_8\"><span class=\"color_15\">Hausverwaltung &gt; \u00a9 hausverwalterscout.de<\/span><\/p><p class=\"font_8\"><span class=\"color_15\"><span class=\"wixGuard\">\u200b<\/span><\/span><\/p><p class=\"font_8\"><span class=\"color_15\">F\u00fcr Mieter &gt; \u00a9 pixabay.com<br \/>Hausverwaltung &gt; \u00a9 BAG Immobilienmanagement GmbH<\/span><\/p><p class=\"font_8\"><span class=\"color_15\"><span class=\"wixGuard\">\u200b<\/span><\/span><\/p><p class=\"font_8\"><span class=\"color_15\">Kaufen und Verkaufen &gt; \u00a9 BAG Immobilienmanagement GmbH<\/span><\/p><p class=\"font_8\"><span class=\"color_15\">Kaufen und Verkaufen &gt; \u00a9 BAG Immobilienmanagement GmbH<\/span><\/p><p class=\"font_8\">\u00a0<\/p><p class=\"font_8\"><span class=\"color_15\">Immobilienvermittlung &gt; \u00a9 BAG Immobilienmanagement GmbH<br \/>Immobilienvermittlung &gt; \u00a9 pixabay.com<\/span><\/p>\t\t\t\t\t\t\t\t<\/div>\n\t\t\t\t<\/div>\n\t\t\t\t\t<\/div>\n\t\t\t\t<\/div>\n\t\t\t\t<\/div>","protected":false},"excerpt":{"rendered":"<p>IMPRESSUM BAG Energie-Haus GmbH Dahlmannstr. 17 10629 Berlin + 49 30 889188 89 info@bag-energiehaus.de www.bag-energiehaus.de Gesch\u00e4ftsf\u00fchrung: A. PejovicGesch\u00e4ftsleitung: Z. Pejovic\u00a0Registereintrag:Eingetragen im Handelsregister.Registergericht: Amtsgericht CharlottenburgRegisternummer: HRB 263 607 B\u00a0Umsatzsteuer-ID:Umsatzsteuer-Identifikationsnummer gem\u00e4\u00df \u00a727 a Umsatzsteuergesetz:DE369001700\u00a0Inhaltlich verantwortlich gem\u00e4\u00df \u00a7 55 Abs. 2 RStV:A. PejovicDahlmannstr. 1710629 Berlin\u00a0Online-Streitbeilegung:Die Europ\u00e4ische Kommission stellt eine Plattform zur Online-Streitbeilegung (OS) bereit:https:\/\/ec.europa.eu\/consumers\/odr\/Unsere E-Mail-Adresse finden Sie oben [&hellip;]<\/p>\n","protected":false},"author":1,"featured_media":0,"parent":0,"menu_order":0,"comment_status":"closed","ping_status":"closed","template":"","meta":{"footnotes":""},"class_list":["post-19","page","type-page","status-publish","hentry"],"_links":{"self":[{"href":"https:\/\/bag-energiehaus.de\/ru\/wp-json\/wp\/v2\/pages\/19","targetHints":{"allow":["GET"]}}],"collection":[{"href":"https:\/\/bag-energiehaus.de\/ru\/wp-json\/wp\/v2\/pages"}],"about":[{"href":"https:\/\/bag-energiehaus.de\/ru\/wp-json\/wp\/v2\/types\/page"}],"author":[{"embeddable":true,"href":"https:\/\/bag-energiehaus.de\/ru\/wp-json\/wp\/v2\/users\/1"}],"replies":[{"embeddable":true,"href":"https:\/\/bag-energiehaus.de\/ru\/wp-json\/wp\/v2\/comments?post=19"}],"version-history":[{"count":86,"href":"https:\/\/bag-energiehaus.de\/ru\/wp-json\/wp\/v2\/pages\/19\/revisions"}],"predecessor-version":[{"id":1694,"href":"https:\/\/bag-energiehaus.de\/ru\/wp-json\/wp\/v2\/pages\/19\/revisions\/1694"}],"wp:attachment":[{"href":"https:\/\/bag-energiehaus.de\/ru\/wp-json\/wp\/v2\/media?parent=19"}],"curies":[{"name":"wp","href":"https:\/\/api.w.org\/{rel}","templated":true}]}}